{"id":10,"date":"2023-02-28T12:43:37","date_gmt":"2023-02-28T11:43:37","guid":{"rendered":"http:\/\/sabap-rc.cultura.gov.it\/?page_id=10"},"modified":"2023-04-12T19:41:12","modified_gmt":"2023-04-12T17:41:12","slug":"trasparenza","status":"publish","type":"page","link":"https:\/\/sabap-rc.cultura.gov.it\/?page_id=10","title":{"rendered":"Amministrazione Trasparente"},"content":{"rendered":"<div style=\"text-align: center;\">AMMINISTRAZIONE TRASPARENTE<\/div>\n<div style=\"text-align: center;\"><em>(<a href=\"http:\/\/www.normattiva.it\/uri-res\/N2Ls?urn:nir:stato:decreto.legislativo:2013-03-14;33!vig=\">Dlgs n.33 del 14 marzo 2013 e ss.mm.<\/a>)<\/em><\/div>\n<div>\n<p>Il principio della trasparenza, inteso come&nbsp;<strong><em>\u00abaccessibilit\u00e0 totale\u00bb<\/em><\/strong>&nbsp;alle informazioni che riguardano l&#8217;organizzazione e l&#8217;attivit\u00e0 delle pubbliche amministrazioni, \u00e8 stato affermato con decreto legislativo 14 marzo 2013, n. 33. Obiettivo della norma \u00e8 quello di favorire un controllo diffuso da parte del cittadino sull&#8217;operato delle istituzioni e sull&#8217;utilizzo delle risorse pubbliche.<\/p>\n<p>In particolare, la pubblicazione dei dati in questa sezione intende incentivare la partecipazione dei cittadini per i seguenti scopi:<\/p>\n<ul>\n<li>assicurare la conoscenza dei servizi resi, le caratteristiche quantitative e qualitative, nonch\u00e9 le modalit\u00e0 di erogazione;<\/li>\n<li>prevenire fenomeni corruttivi e promuovere l\u2019integrit\u00e0;<\/li>\n<li>sottoporre al controllo diffuso ogni fase del ciclo di gestione della performance per consentirne il miglioramento.<\/li>\n<\/ul>\n<p>In questa sezione sono pubblicati i dati, le informazioni e i documenti che riguardano il ministero per i beni e le attivit\u00e0 culturali, in tutte le sue articolazioni centrali e periferiche, tenuto conto delle disposizioni normative, del Piano triennale prevenzione della corruzione e della trasparenza 2019-2021 elaborato sulle linee guida dell&#8217; Autorit\u00e0 nazionale anticorruzione (ANAC), e dei contributi forniti da ciascun dipartimento.<\/p>\n<p>Chiunque pu\u00f2 esercitare il diritto a conoscere,&nbsp;<strong>usare e riutilizzare in modo gratuito i dati<\/strong>&nbsp;oggetto di pubblicazione obbligatoria (secondo i termini della licenza d&#8217;uso&nbsp;<a href=\"http:\/\/creativecommons.org\/licenses\/by\/3.0\/deed.it\">Creative Commons Attribuzione 3.0 CC BY<\/a>&nbsp;).<\/p>\n<p><strong>Le nuove norme in materia di obblighi di pubblicit\u00e0, trasparenza e diffusione di informazioni della P.A.: in G.U. il decreto sul riordino della disciplina<\/strong><br \/>\nEntra in vigore il 20 aprile 2013 il decreto che si compone di numero 53 articoli ed un allegato con il quale vengono dettati i principi di trasparenza definita ai sensi dell&#8217;art. 1 del decreto in esame come accessibilit\u00e0 totale delle informazioni concernenti l&#8217;organizzazione e l&#8217;attivit\u00e0 delle pubbliche amministrazioni, allo scopo di favorire forme diffuse di controllo sul perseguimento delle funzioni istituzionali e sull&#8217;utilizzo delle risorse pubbliche che viene posta a garanzia delle libert\u00e0 individuali e collettive, nonch\u00e9 dei diritti civili, politici e sociali, integra il diritto ad una buona amministrazione e concorre alla realizzazione di un&#8217;amministrazione aperta, al servizio del cittadino.<br \/>\n<em>\u00bb<\/em>&nbsp;&nbsp;<a title=\"Decreto legislativo n. 33 del 14.03.2013 e modifiche\" href=\"https:\/\/www.beniculturali.it\/amministrazione-trasparente#{media:115889}\">Decreto legislativo 14.3.2013, n. 33, pubblicato sulla Gazzetta Ufficiale n. 80 del 5.4.2013 con le modifiche apportate dal decreto legilativo 25.05.2016 n. 97<\/a><br \/>\n<em>(data ultimo aggiornamento: 05 settembre 2016)<\/em><\/p>\n<\/div>\n<p>&nbsp;<\/p>\n<p><strong>Legislazione<\/strong>:<\/p>\n<p>Legge 69\/2009 &#8220;Disposizioni per lo sviluppo economico, la semplificazione, la competitivit\u00e0 nonch\u00e9 in materia di processo civile&#8221;<br \/>\nD.Lgs. 150\/2009 &#8220;Attuazione della legge 4 marzo 2009, n. 15, in materia di ottimizzazione della produttivit\u00e0 del lavoro pubblico e di efficienza e trasparenza delle pubbliche amministrazioni&#8221;<br \/>\nD.Lgs. 30 marzo 2001, n. 165 &#8220;Norme generali sull&#8217;ordinamento del lavoro alle dipendenze delle amministrazioni pubbliche&#8221; e ss.mm. ii.<br \/>\nDecreto legislativo 14.3.2013, n. 33, pubblicato sulla Gazzetta Ufficiale n. 80 del 5.4.2013 e ss.mm. ii<br \/>\nI dati personali pubblicati sono riutilizzabili solo alle condizioni previste dalla direttiva comunitaria 2003\/98\/CE e dal d.lgs. 36\/2006<\/p>\n","protected":false},"excerpt":{"rendered":"<p>AMMINISTRAZIONE TRASPARENTE (Dlgs n.33 del 14 marzo 2013 e ss.<\/p>\n","protected":false},"author":1,"featured_media":0,"parent":0,"menu_order":0,"comment_status":"closed","ping_status":"closed","template":"","meta":{"ngg_post_thumbnail":0,"footnotes":""},"tags":[],"class_list":["post-10","page","type-page","status-publish","hentry"],"_links":{"self":[{"href":"https:\/\/sabap-rc.cultura.gov.it\/index.php?rest_route=\/wp\/v2\/pages\/10","targetHints":{"allow":["GET"]}}],"collection":[{"href":"https:\/\/sabap-rc.cultura.gov.it\/index.php?rest_route=\/wp\/v2\/pages"}],"about":[{"href":"https:\/\/sabap-rc.cultura.gov.it\/index.php?rest_route=\/wp\/v2\/types\/page"}],"author":[{"embeddable":true,"href":"https:\/\/sabap-rc.cultura.gov.it\/index.php?rest_route=\/wp\/v2\/users\/1"}],"replies":[{"embeddable":true,"href":"https:\/\/sabap-rc.cultura.gov.it\/index.php?rest_route=%2Fwp%2Fv2%2Fcomments&post=10"}],"version-history":[{"count":8,"href":"https:\/\/sabap-rc.cultura.gov.it\/index.php?rest_route=\/wp\/v2\/pages\/10\/revisions"}],"predecessor-version":[{"id":835,"href":"https:\/\/sabap-rc.cultura.gov.it\/index.php?rest_route=\/wp\/v2\/pages\/10\/revisions\/835"}],"wp:attachment":[{"href":"https:\/\/sabap-rc.cultura.gov.it\/index.php?rest_route=%2Fwp%2Fv2%2Fmedia&parent=10"}],"wp:term":[{"taxonomy":"post_tag","embeddable":true,"href":"https:\/\/sabap-rc.cultura.gov.it\/index.php?rest_route=%2Fwp%2Fv2%2Ftags&post=10"}],"curies":[{"name":"wp","href":"https:\/\/api.w.org\/{rel}","templated":true}]}}