{"id":187,"date":"2023-03-08T22:13:02","date_gmt":"2023-03-08T21:13:02","guid":{"rendered":"http:\/\/sabap-rc.cultura.gov.it\/?page_id=187"},"modified":"2024-01-08T13:09:00","modified_gmt":"2024-01-08T12:09:00","slug":"il-tempio","status":"publish","type":"page","link":"https:\/\/sabap-rc.cultura.gov.it\/?page_id=187","title":{"rendered":"Il Tempio"},"content":{"rendered":"<p><strong>Il Tempio<\/strong><\/p>\n<p>Testimonianza archeologica particolarmente significativa di questa nuova fase romana \u00e8 la costruzione di un edificio religioso sul ciglio ovest del pianoro di Taureana, la cui tipologia \u00e8 un unicum nel contesto architettonico-religioso della Calabria antica. La sua costruzione comport\u00f2 una modifica del precedente abitato brettio, come testimoniato, tra l\u2019altro, dall\u2019obliterazione della canaletta quadrangolare con i bolli, messa in luce un paio di metri ad ovest del tempio.<br \/>\nL\u2019edificio sacro orientato a nord-est, s\u2019inquadra tipologicamente tra i templi su podio di tipo etrusco-italico: l\u2019alto podio quadrangolare (m 21 di lunghezza e m 8 di larghezza), impiantato su una fondazione alta m 2,25, impostata a sua volta sul banco di roccia naturale, era realizzato in opus caementicium. Un paramento in mattoni rivestiva parzialmente l\u2019elevato, su un paio di laterizi \u00e8 ancora leggibile il negativo del bollo (C) Numitori, gi\u00e0 noto a Palmi poich\u00e9 impresso su alcuni mattoni rinvenuti fortuitamente nel secolo passato nell\u2019area di Taureana.<\/p>\n<p>L\u2019accesso costituito da una scalinata, oggi non pi\u00f9 conservata, era situato verosimilmente sul lato breve nord. Una struttura porticata, di cui si conservano i muretti a livello di fondazione, lo circondava su tre lati secondo un impianto edilizio consueto per l\u2019architettura religiosa del tempo.<\/p>\n<p>Dell\u2019elevato superiore non si \u00e8 conservato nulla, labili tracce di resti murari sono visibili sul piano orizzontale secondo un doppio orientamento E-W e S-N, ma \u00e8 difficile dire se si riferi\u00adscano ad una partizione interna o ad un altare. Secondo testimonianze verbali non pi\u00f9 verificabili, sul piano di calpestio orizzontale sarebbero state viste impronte circolari in malta relative, con molta probabilit\u00e0, al colonnato.<\/p>\n\n<div class=\"ngg-galleryoverview ngg-slideshow\"\n\tid=\"ngg-slideshow-98bb99142ee313046586200b28e45cd1-2279848680\"\n\tdata-gallery-id=\"98bb99142ee313046586200b28e45cd1\"\n\tstyle=\"max-width: 750px;\n\t\t\tmax-height: 500px;\n\t\t\tdisplay: none;\">\n\n\t\n\t\t<a href=\"https:\/\/sabap-rc.cultura.gov.it\/wp-content\/gallery\/saggi3_2004foto\/saggi3_2004foto.jpg\"\n\t\t\ttitle=\"\"\n\t\t\tdata-src=\"https:\/\/sabap-rc.cultura.gov.it\/wp-content\/gallery\/saggi3_2004foto\/saggi3_2004foto.jpg\"\n\t\t\tdata-thumbnail=\"https:\/\/sabap-rc.cultura.gov.it\/wp-content\/gallery\/saggi3_2004foto\/thumbs\/thumbs_saggi3_2004foto.jpg\"\n\t\t\tdata-image-id=\"7\"\n\t\t\tdata-title=\"saggi3_2004foto\"\n\t\t\tdata-description=\"\"\n\t\t\tclass=\"ngg-simplelightbox\" rel=\"98bb99142ee313046586200b28e45cd1\">\n\n\t\t\t<img data-image-id='7'\n\t\t\t\ttitle=\"\"\n\t\t\t\talt=\"saggi3_2004foto\"\n\t\t\t\tsrc=\"https:\/\/sabap-rc.cultura.gov.it\/wp-content\/gallery\/saggi3_2004foto\/saggi3_2004foto.jpg\"\n\t\t\t\tstyle=\"max-height: 480px;\"\/>\n\t\t<\/a>\n\n\t\t<\/div>\n\n\n\n<p>&nbsp;<\/p>\n<p>La scelta di erigerlo nel punto pi\u00f9 visibile del pianoro, dalle pareti a strapiombo sulla costa, non fu casuale: il tempio, a ridosso del ciglio nord, quasi isolato o comunque emergente dal resto del contesto abitativo, sarebbe stato immediatamente visibile a chiunque navigasse da settentrione.<\/p>\n<p>Il completamento degli scavi archeologici nell\u2019area dell\u2019edifico sacro permetter\u00e0 di approfondirne lo studio tipologico e di darne una datazione pi\u00f9 precisa, consentendo, forse, di proporre anche una possibile identificazione della divinit\u00e0 cui era dedicato.<\/p>\n\n<div class=\"ngg-galleryoverview ngg-slideshow\"\n\tid=\"ngg-slideshow-5c37792a2b2baacbdcb0635df57fac35-13901342910\"\n\tdata-gallery-id=\"5c37792a2b2baacbdcb0635df57fac35\"\n\tstyle=\"max-width: 750px;\n\t\t\tmax-height: 500px;\n\t\t\tdisplay: none;\">\n\n\t\n\t\t<a href=\"https:\/\/sabap-rc.cultura.gov.it\/wp-content\/gallery\/saggi3_2004\/saggi3_2004.jpg\"\n\t\t\ttitle=\"\"\n\t\t\tdata-src=\"https:\/\/sabap-rc.cultura.gov.it\/wp-content\/gallery\/saggi3_2004\/saggi3_2004.jpg\"\n\t\t\tdata-thumbnail=\"https:\/\/sabap-rc.cultura.gov.it\/wp-content\/gallery\/saggi3_2004\/thumbs\/thumbs_saggi3_2004.jpg\"\n\t\t\tdata-image-id=\"8\"\n\t\t\tdata-title=\"saggi3_2004\"\n\t\t\tdata-description=\"\"\n\t\t\tclass=\"ngg-simplelightbox\" rel=\"5c37792a2b2baacbdcb0635df57fac35\">\n\n\t\t\t<img data-image-id='8'\n\t\t\t\ttitle=\"\"\n\t\t\t\talt=\"saggi3_2004\"\n\t\t\t\tsrc=\"https:\/\/sabap-rc.cultura.gov.it\/wp-content\/gallery\/saggi3_2004\/saggi3_2004.jpg\"\n\t\t\t\tstyle=\"max-height: 480px;\"\/>\n\t\t<\/a>\n\n\t\t<\/div>\n\n\n\n<p>&nbsp;<\/p>\n","protected":false},"excerpt":{"rendered":"<p>Il Tempio Testimonianza archeologica particolarmente significativa di questa nuova fase romana \u00e8 la costruzione di un edificio religioso sul ciglio ovest del pianoro di Taureana, la cui tipologia \u00e8 un unicum nel contesto architettonico-religioso della Calabria antica.<\/p>\n","protected":false},"author":1,"featured_media":0,"parent":177,"menu_order":0,"comment_status":"closed","ping_status":"closed","template":"","meta":{"ngg_post_thumbnail":0,"footnotes":""},"tags":[],"class_list":["post-187","page","type-page","status-publish","hentry"],"_links":{"self":[{"href":"https:\/\/sabap-rc.cultura.gov.it\/index.php?rest_route=\/wp\/v2\/pages\/187","targetHints":{"allow":["GET"]}}],"collection":[{"href":"https:\/\/sabap-rc.cultura.gov.it\/index.php?rest_route=\/wp\/v2\/pages"}],"about":[{"href":"https:\/\/sabap-rc.cultura.gov.it\/index.php?rest_route=\/wp\/v2\/types\/page"}],"author":[{"embeddable":true,"href":"https:\/\/sabap-rc.cultura.gov.it\/index.php?rest_route=\/wp\/v2\/users\/1"}],"replies":[{"embeddable":true,"href":"https:\/\/sabap-rc.cultura.gov.it\/index.php?rest_route=%2Fwp%2Fv2%2Fcomments&post=187"}],"version-history":[{"count":10,"href":"https:\/\/sabap-rc.cultura.gov.it\/index.php?rest_route=\/wp\/v2\/pages\/187\/revisions"}],"predecessor-version":[{"id":1130,"href":"https:\/\/sabap-rc.cultura.gov.it\/index.php?rest_route=\/wp\/v2\/pages\/187\/revisions\/1130"}],"up":[{"embeddable":true,"href":"https:\/\/sabap-rc.cultura.gov.it\/index.php?rest_route=\/wp\/v2\/pages\/177"}],"wp:attachment":[{"href":"https:\/\/sabap-rc.cultura.gov.it\/index.php?rest_route=%2Fwp%2Fv2%2Fmedia&parent=187"}],"wp:term":[{"taxonomy":"post_tag","embeddable":true,"href":"https:\/\/sabap-rc.cultura.gov.it\/index.php?rest_route=%2Fwp%2Fv2%2Ftags&post=187"}],"curies":[{"name":"wp","href":"https:\/\/api.w.org\/{rel}","templated":true}]}}