{"id":204,"date":"2023-03-08T23:07:38","date_gmt":"2023-03-08T22:07:38","guid":{"rendered":"http:\/\/sabap-rc.cultura.gov.it\/?page_id=204"},"modified":"2024-01-08T13:45:49","modified_gmt":"2024-01-08T12:45:49","slug":"il-cosiddetto-castello-aragonese","status":"publish","type":"page","link":"https:\/\/sabap-rc.cultura.gov.it\/?page_id=204","title":{"rendered":"Il cosiddetto &#8220;Castello Aragonese&#8221;"},"content":{"rendered":"<p><strong>Il cosiddetto &#8220;Castello Aragonese&#8221;<\/strong><br \/>\nLa collina su cui si erge il cosiddetto Castello Aragonese ebbe sin da et\u00e0 greca un ruolo di fondamentale importanza nel sistema di protezione della citt\u00e0. Su di essa, con ogni probabilit\u00e0, furono costruite fortificazioni sia in epoca bizantina che in et\u00e0 normanna (durante la quale vi fu, forse, costruito un donjon, cio\u00e8 una torre-fortezza appoggiata alle mura della citt\u00e0).<br \/>\nLa costruzione del castello, invece, avvenne probabilmente in et\u00e0 sveva dal momento che la sua struttura originaria (ricostruibile da foto e rilievi dal momento che esso rimase in piedi fin dopo il terremoto del 1908) richiama l\u2019architettura militare di quell\u2019epoca; si trattava, infatti, di un possente edificio a pianta quadrata, con quattro torri angolari, anch\u2019esse di forma quadrata.<\/p>\n<p>\n<div class=\"ngg-galleryoverview ngg-slideshow\"\n\tid=\"ngg-slideshow-6145ed2926be4e64bb2d525be759bbd4-18341989390\"\n\tdata-gallery-id=\"6145ed2926be4e64bb2d525be759bbd4\"\n\tstyle=\"max-width: 750px;\n\t\t\tmax-height: 500px;\n\t\t\tdisplay: none;\">\n\n\t\n\t\t<a href=\"https:\/\/sabap-rc.cultura.gov.it\/wp-content\/gallery\/figura-3\/Figura-3-scaled.jpg\"\n\t\t\ttitle=\"\"\n\t\t\tdata-src=\"https:\/\/sabap-rc.cultura.gov.it\/wp-content\/gallery\/figura-3\/Figura-3-scaled.jpg\"\n\t\t\tdata-thumbnail=\"https:\/\/sabap-rc.cultura.gov.it\/wp-content\/gallery\/figura-3\/thumbs\/thumbs_Figura-3-scaled.jpg\"\n\t\t\tdata-image-id=\"57\"\n\t\t\tdata-title=\"Figura-3-scaled\"\n\t\t\tdata-description=\"\"\n\t\t\tclass=\"ngg-simplelightbox\" rel=\"6145ed2926be4e64bb2d525be759bbd4\">\n\n\t\t\t<img data-image-id='57'\n\t\t\t\ttitle=\"\"\n\t\t\t\talt=\"Figura-3-scaled\"\n\t\t\t\tsrc=\"https:\/\/sabap-rc.cultura.gov.it\/wp-content\/gallery\/figura-3\/Figura-3-scaled.jpg\"\n\t\t\t\tstyle=\"max-height: 480px;\"\/>\n\t\t<\/a>\n\n\t\t<\/div>\n\n\nLungomare Falcomat\u00e0 &#8211; Mura Greche<\/p>\n<p>L\u2019arch. R. Lagan\u00e0 (autore dell\u2019ultimo intervento di restauro) sostiene che la torre NW della struttura originaria appartenesse ad una fortificazione precedente, forse proprio al donjon normanno, dal momento che nelle foto essa sembrerebbe presentare una tecnica costruttiva diversa rispetto al resto della fortificazione sveva.<br \/>\nAttraverso i secoli, il castello sub\u00ec una lunga serie di restauri, modifiche ed aggiunte. In et\u00e0 angioina, per esempio, fu aggiunto un cammino di ronda protetto da basse mura e torri angolari, che cingeva alla base tutta la struttura del castello.<br \/>\nIn epoca spagnola, poi, si aggiunsero alla costruzione originaria altre due torri circolari a sud ed un rivellino, (opera esterna per l\u2019artiglieria), ad est. Forse gi\u00e0 da epoca sveva, un fossato alimentato dalle acque di un vicino torrente proteggeva ulteriormente il castello.<\/p>\n","protected":false},"excerpt":{"rendered":"<p>Il cosiddetto &#8220;Castello Aragonese&#8221; La collina su cui si erge il cosiddetto Castello Aragonese ebbe sin da et\u00e0 greca un ruolo di fondamentale importanza nel sistema di protezione della citt\u00e0.<\/p>\n","protected":false},"author":1,"featured_media":0,"parent":196,"menu_order":0,"comment_status":"closed","ping_status":"closed","template":"","meta":{"ngg_post_thumbnail":0,"footnotes":""},"tags":[],"class_list":["post-204","page","type-page","status-publish","hentry"],"_links":{"self":[{"href":"https:\/\/sabap-rc.cultura.gov.it\/index.php?rest_route=\/wp\/v2\/pages\/204","targetHints":{"allow":["GET"]}}],"collection":[{"href":"https:\/\/sabap-rc.cultura.gov.it\/index.php?rest_route=\/wp\/v2\/pages"}],"about":[{"href":"https:\/\/sabap-rc.cultura.gov.it\/index.php?rest_route=\/wp\/v2\/types\/page"}],"author":[{"embeddable":true,"href":"https:\/\/sabap-rc.cultura.gov.it\/index.php?rest_route=\/wp\/v2\/users\/1"}],"replies":[{"embeddable":true,"href":"https:\/\/sabap-rc.cultura.gov.it\/index.php?rest_route=%2Fwp%2Fv2%2Fcomments&post=204"}],"version-history":[{"count":3,"href":"https:\/\/sabap-rc.cultura.gov.it\/index.php?rest_route=\/wp\/v2\/pages\/204\/revisions"}],"predecessor-version":[{"id":1150,"href":"https:\/\/sabap-rc.cultura.gov.it\/index.php?rest_route=\/wp\/v2\/pages\/204\/revisions\/1150"}],"up":[{"embeddable":true,"href":"https:\/\/sabap-rc.cultura.gov.it\/index.php?rest_route=\/wp\/v2\/pages\/196"}],"wp:attachment":[{"href":"https:\/\/sabap-rc.cultura.gov.it\/index.php?rest_route=%2Fwp%2Fv2%2Fmedia&parent=204"}],"wp:term":[{"taxonomy":"post_tag","embeddable":true,"href":"https:\/\/sabap-rc.cultura.gov.it\/index.php?rest_route=%2Fwp%2Fv2%2Ftags&post=204"}],"curies":[{"name":"wp","href":"https:\/\/api.w.org\/{rel}","templated":true}]}}