{"id":218,"date":"2023-03-08T23:15:25","date_gmt":"2023-03-08T22:15:25","guid":{"rendered":"http:\/\/sabap-rc.cultura.gov.it\/?page_id=218"},"modified":"2024-01-08T13:22:13","modified_gmt":"2024-01-08T12:22:13","slug":"i-culti","status":"publish","type":"page","link":"https:\/\/sabap-rc.cultura.gov.it\/?page_id=218","title":{"rendered":"I culti"},"content":{"rendered":"<p>Connessi ai riti del matrimonio sono i busti femminili di Calderazzo e probabilmente anche gli animali trattenuti in mano dalle offerenti. A Medma, il culto matrimoniale non \u00e8 rivolto esclusivamente a Kore e Persefone, ma anche ad Afrodite, che a Calderazzo \u00e8 individuata dalla colomba e dalla presenza di un eros nudo raffigurato sul petto della dea. Atena a Medma \u00e8 ritratta come combattente (promachos), in atteggiamento violento e aggressivo; la dea assume la peculiarit\u00e0 di protettrice dei cavalli nella stipe di Sant\u2019Anna. Il culto di Hermes, a Medma, non rappresenta lo sposo divino (theos gamelios), ma \u00e8 raffigurato come portatore di ariete (crioforo). Intensa sembrerebbe la devozione dei medmei rivolta al culto di Dioniso, cui sono connesse le statuette dei personaggi sdraiati, singoli o in coppia, che raffigurano il Dio accanto a Kore\/Persefone. Poche attestazioni si hanno di Eracle.<\/p>\n\t<div class='ngg-imagebrowser default-view'\n\t\tid='ngg-imagebrowser-a564ce4103be702ed453e2b5e13db11e-218'\n\t\tdata-nextgen-gallery-id=\"a564ce4103be702ed453e2b5e13db11e\">\n\n\t\t<h3>Athena-Promachos-da-Calderazzo-1<\/h3>\n\n\t\t<div id=\"ngg-image-0\" class=\"pic\" \n\t\t\t\t\t>\n\t\t<a href='https:\/\/sabap-rc.cultura.gov.it\/wp-content\/gallery\/i-culti-1\/Athena-Promachos-da-Calderazzo-1.jpg'\n\t\t\ttitle=' '\n\t\t\tdata-src=\"https:\/\/sabap-rc.cultura.gov.it\/wp-content\/gallery\/i-culti-1\/Athena-Promachos-da-Calderazzo-1.jpg\"\n\t\t\tdata-thumbnail=\"https:\/\/sabap-rc.cultura.gov.it\/wp-content\/gallery\/i-culti-1\/thumbs\/thumbs_Athena-Promachos-da-Calderazzo-1.jpg\"\n\t\t\tdata-image-id=\"194\"\n\t\t\tdata-title=\"Athena-Promachos-da-Calderazzo-1\"\n\t\t\tdata-description=\" \"\n\t\t\tclass=\"ngg-simplelightbox\" rel=\"a564ce4103be702ed453e2b5e13db11e\">\n\t\t\t<img title='Athena-Promachos-da-Calderazzo-1'\n\t\t\t\talt='Athena-Promachos-da-Calderazzo-1'\n\t\t\t\tsrc='https:\/\/sabap-rc.cultura.gov.it\/wp-content\/gallery\/i-culti-1\/Athena-Promachos-da-Calderazzo-1.jpg'\/>\n\t\t<\/a>\n\t\t\n\t\t<\/div>\n\t\t<div class='ngg-imagebrowser-nav'>\n\n\t\t\t<div class='back'>\n\t\t\t\t<a class='ngg-browser-prev'\n\t\t\t\t\tid='ngg-prev-195'\n\t\t\t\t\thref='https:\/\/sabap-rc.cultura.gov.it\/index.php\/nggallery\/image\/busto-femminile-da-calderazzo?page_id=218'>\n\t\t\t\t\t<i class=\"fa fa-chevron-left\" aria-hidden=\"true\"><\/i>\n\t\t\t\t<\/a>\n\t\t\t<\/div>\n\n\t\t\t<div class='next'>\n\t\t\t\t<a class='ngg-browser-next'\n\t\t\t\t\tid='ngg-next-195'\n\t\t\t\t\thref='https:\/\/sabap-rc.cultura.gov.it\/index.php\/nggallery\/image\/busto-femminile-da-calderazzo?page_id=218'>\n\t\t\t\t\t<i class=\"fa fa-chevron-right\" aria-hidden=\"true\"><\/i>\n\t\t\t\t<\/a>\n\t\t\t<\/div>\n\n\t\t\t<div class='counter'>\n\t\t\t\tImmagine\t\t\t\t1\t\t\t\tdi\t\t\t\t2\t\t\t<\/div>\n\n\t\t\t<div class='ngg-imagebrowser-desc'>\n\t\t\t\t<p> <\/p>\n\t\t\t<\/div>\n\n\t\t<\/div>\n\t<\/div>\n\n","protected":false},"excerpt":{"rendered":"<p>Connessi ai riti del matrimonio sono i busti femminili di Calderazzo e probabilmente anche gli animali trattenuti in mano dalle offerenti.<\/p>\n","protected":false},"author":1,"featured_media":0,"parent":210,"menu_order":0,"comment_status":"closed","ping_status":"closed","template":"","meta":{"ngg_post_thumbnail":0,"footnotes":""},"tags":[],"class_list":["post-218","page","type-page","status-publish","hentry"],"_links":{"self":[{"href":"https:\/\/sabap-rc.cultura.gov.it\/index.php?rest_route=\/wp\/v2\/pages\/218","targetHints":{"allow":["GET"]}}],"collection":[{"href":"https:\/\/sabap-rc.cultura.gov.it\/index.php?rest_route=\/wp\/v2\/pages"}],"about":[{"href":"https:\/\/sabap-rc.cultura.gov.it\/index.php?rest_route=\/wp\/v2\/types\/page"}],"author":[{"embeddable":true,"href":"https:\/\/sabap-rc.cultura.gov.it\/index.php?rest_route=\/wp\/v2\/users\/1"}],"replies":[{"embeddable":true,"href":"https:\/\/sabap-rc.cultura.gov.it\/index.php?rest_route=%2Fwp%2Fv2%2Fcomments&post=218"}],"version-history":[{"count":3,"href":"https:\/\/sabap-rc.cultura.gov.it\/index.php?rest_route=\/wp\/v2\/pages\/218\/revisions"}],"predecessor-version":[{"id":1137,"href":"https:\/\/sabap-rc.cultura.gov.it\/index.php?rest_route=\/wp\/v2\/pages\/218\/revisions\/1137"}],"up":[{"embeddable":true,"href":"https:\/\/sabap-rc.cultura.gov.it\/index.php?rest_route=\/wp\/v2\/pages\/210"}],"wp:attachment":[{"href":"https:\/\/sabap-rc.cultura.gov.it\/index.php?rest_route=%2Fwp%2Fv2%2Fmedia&parent=218"}],"wp:term":[{"taxonomy":"post_tag","embeddable":true,"href":"https:\/\/sabap-rc.cultura.gov.it\/index.php?rest_route=%2Fwp%2Fv2%2Ftags&post=218"}],"curies":[{"name":"wp","href":"https:\/\/api.w.org\/{rel}","templated":true}]}}