{"id":2290,"date":"2026-04-28T12:19:53","date_gmt":"2026-04-28T10:19:53","guid":{"rendered":"https:\/\/sabap-rc.cultura.gov.it\/?page_id=2290"},"modified":"2026-04-28T12:46:39","modified_gmt":"2026-04-28T10:46:39","slug":"elenco-partecipato","status":"publish","type":"page","link":"https:\/\/sabap-rc.cultura.gov.it\/?page_id=2290","title":{"rendered":"Elenco Partecipato DEA"},"content":{"rendered":"<h2 style=\"text-align: left;\"><strong>Elenco partecipato dei principali beni materiali e immateriali di interesse demoetnoantropologico della citt\u00e0 metropolitana di Reggio Calabria e la provincia di Vibo Valentia.<\/strong><\/h2>\n<p>&nbsp;<\/p>\n<p>Il progetto mira a definire, riconoscere, catalogare e mappare, anche in formato digitale, i principali beni, materiali e immateriali, inerenti il patrimonio demoetnoantropologico del territorio di riferimento della SABAP RC-VV. L\u2019obiettivo vuole essere occasione per rafforzare la collaborazione tra Istituzione e cittadinanza, attraverso il coinvolgimento di quelle che la Convenzione di Faro definisce \u201ccomunit\u00e0 di eredit\u00e0\u201d o \u201ccomunit\u00e0 patrimoniali\u201d.<\/p>\n<p>Invitiamo chi \u00e8 interessato a segnalarci uno o pi\u00f9 beni di interesse demoetnoantropologico, attraverso la compilazione della scheda in allegato. La scheda \u00e8 in formato word editabile. Nella scheda troverete alcuni ambiti tematici:<\/p>\n<p>&nbsp;<\/p>\n<ul>\n<li>\n<h3><strong>Festivit\u00e0, culto, eventi cerimoniali, eventi rituali<\/strong><\/h3>\n<\/li>\n<li>\n<h3><strong>Gastronomia<\/strong><\/h3>\n<\/li>\n<li>\n<h3><strong>Arte, teatro, canto, musica<\/strong><\/h3>\n<\/li>\n<li>\n<h3><strong>Artigianato e botteghe storiche<\/strong><\/h3>\n<\/li>\n<li>\n<h3><strong>Patrimonio orale: fiabe, proverbi<\/strong><\/h3>\n<\/li>\n<li>\n<h3><strong>Credenze, usanze <\/strong><\/h3>\n<\/li>\n<li>\n<h3><strong>Giochi<\/strong><\/h3>\n<\/li>\n<li>\n<h3><strong>Attivit\u00e0, luoghi e\/o saperi agroindustriali<\/strong><\/h3>\n<\/li>\n<li>\n<h3><strong>Musei etnografici<\/strong><\/h3>\n<\/li>\n<\/ul>\n<p>&nbsp;<\/p>\n<p>&nbsp;<\/p>\n<p>Le schede dovranno essere inviate all\u2019indirizzo e-mail:<\/p>\n<p><b data-olk-copy-source=\"MessageBody\">sabap-rc.patrimoniodea@cultura.gov.it <\/b>e corredate, se si vuole, di foto e\/o video.<\/p>\n<p>Le schede inviate verranno poi analizzate e sistematizzate dai funzionari della Soprintendenza, responsabili del progetto.<\/p>\n<p>L\u2019obiettivo finale sar\u00e0 quello di restituire sul sito un elenco ragionato del patrimonio demoetnoantropologico segnalato dalla comunit\u00e0.<\/p>\n<p>&nbsp;<\/p>\n","protected":false},"excerpt":{"rendered":"<p>Elenco partecipato dei principali beni materiali e immateriali di interesse demoetnoantropologico della citt\u00e0 metropolitana di Reggio Calabria e la provincia di Vibo Valentia.<\/p>\n","protected":false},"author":1,"featured_media":0,"parent":0,"menu_order":0,"comment_status":"closed","ping_status":"closed","template":"","meta":{"ngg_post_thumbnail":0,"footnotes":""},"tags":[],"class_list":["post-2290","page","type-page","status-publish","hentry"],"_links":{"self":[{"href":"https:\/\/sabap-rc.cultura.gov.it\/index.php?rest_route=\/wp\/v2\/pages\/2290","targetHints":{"allow":["GET"]}}],"collection":[{"href":"https:\/\/sabap-rc.cultura.gov.it\/index.php?rest_route=\/wp\/v2\/pages"}],"about":[{"href":"https:\/\/sabap-rc.cultura.gov.it\/index.php?rest_route=\/wp\/v2\/types\/page"}],"author":[{"embeddable":true,"href":"https:\/\/sabap-rc.cultura.gov.it\/index.php?rest_route=\/wp\/v2\/users\/1"}],"replies":[{"embeddable":true,"href":"https:\/\/sabap-rc.cultura.gov.it\/index.php?rest_route=%2Fwp%2Fv2%2Fcomments&post=2290"}],"version-history":[{"count":10,"href":"https:\/\/sabap-rc.cultura.gov.it\/index.php?rest_route=\/wp\/v2\/pages\/2290\/revisions"}],"predecessor-version":[{"id":2304,"href":"https:\/\/sabap-rc.cultura.gov.it\/index.php?rest_route=\/wp\/v2\/pages\/2290\/revisions\/2304"}],"wp:attachment":[{"href":"https:\/\/sabap-rc.cultura.gov.it\/index.php?rest_route=%2Fwp%2Fv2%2Fmedia&parent=2290"}],"wp:term":[{"taxonomy":"post_tag","embeddable":true,"href":"https:\/\/sabap-rc.cultura.gov.it\/index.php?rest_route=%2Fwp%2Fv2%2Ftags&post=2290"}],"curies":[{"name":"wp","href":"https:\/\/api.w.org\/{rel}","templated":true}]}}