{"id":230,"date":"2023-03-08T23:28:10","date_gmt":"2023-03-08T22:28:10","guid":{"rendered":"http:\/\/sabap-rc.cultura.gov.it\/?page_id=230"},"modified":"2024-01-08T13:26:56","modified_gmt":"2024-01-08T12:26:56","slug":"la-laminetta-orfica","status":"publish","type":"page","link":"https:\/\/sabap-rc.cultura.gov.it\/?page_id=230","title":{"rendered":"La Laminetta Orfica"},"content":{"rendered":"<p><strong>La Laminetta Orfica<\/strong><br \/>\nRinvenuta sul petto di una donna sepolta nella tomba a cappuccina n. 19 della necropoli dell\u2019INAM, la sottile laminetta d\u2019oro era ripiegata su se stessa, quasi a celarne il contenuto. Tra gli elementi di corredo della sepoltura sono stati ritrovati anche alcuni vasi a vernice nera (due bolsal, due skyphoi, due lekytho) ed alcuni acromi (un\u2019olpetta ed un\u2019idria), insieme a due lucerne, alcuni oggetti di ornamento e un anello d\u2019oro nell\u2019anulare sinistro. Tutti materiali databili al V sec. a. C.<\/p>\n<p>&nbsp;<\/p>\n\t<div class='ngg-imagebrowser default-view'\n\t\tid='ngg-imagebrowser-b419b6bf4ce574071454e88af6e6f970-230'\n\t\tdata-nextgen-gallery-id=\"b419b6bf4ce574071454e88af6e6f970\">\n\n\t\t<h3>disegno<\/h3>\n\n\t\t<div id=\"ngg-image-0\" class=\"pic\" \n\t\t\t\t\t>\n\t\t<a href='https:\/\/sabap-rc.cultura.gov.it\/wp-content\/gallery\/sepoltura\/disegno.jpg'\n\t\t\ttitle=' '\n\t\t\tdata-src=\"https:\/\/sabap-rc.cultura.gov.it\/wp-content\/gallery\/sepoltura\/disegno.jpg\"\n\t\t\tdata-thumbnail=\"https:\/\/sabap-rc.cultura.gov.it\/wp-content\/gallery\/sepoltura\/thumbs\/thumbs_disegno.jpg\"\n\t\t\tdata-image-id=\"118\"\n\t\t\tdata-title=\"disegno\"\n\t\t\tdata-description=\" \"\n\t\t\tclass=\"ngg-simplelightbox\" rel=\"b419b6bf4ce574071454e88af6e6f970\">\n\t\t\t<img title='disegno'\n\t\t\t\talt='disegno'\n\t\t\t\tsrc='https:\/\/sabap-rc.cultura.gov.it\/wp-content\/gallery\/sepoltura\/disegno.jpg'\/>\n\t\t<\/a>\n\t\t\n\t\t<\/div>\n\t\t<div class='ngg-imagebrowser-nav'>\n\n\t\t\t<div class='back'>\n\t\t\t\t<a class='ngg-browser-prev'\n\t\t\t\t\tid='ngg-prev-121'\n\t\t\t\t\thref='https:\/\/sabap-rc.cultura.gov.it\/index.php\/nggallery\/image\/sepoltura?page_id=230'>\n\t\t\t\t\t<i class=\"fa fa-chevron-left\" aria-hidden=\"true\"><\/i>\n\t\t\t\t<\/a>\n\t\t\t<\/div>\n\n\t\t\t<div class='next'>\n\t\t\t\t<a class='ngg-browser-next'\n\t\t\t\t\tid='ngg-next-121'\n\t\t\t\t\thref='https:\/\/sabap-rc.cultura.gov.it\/index.php\/nggallery\/image\/sepoltura?page_id=230'>\n\t\t\t\t\t<i class=\"fa fa-chevron-right\" aria-hidden=\"true\"><\/i>\n\t\t\t\t<\/a>\n\t\t\t<\/div>\n\n\t\t\t<div class='counter'>\n\t\t\t\tImmagine\t\t\t\t1\t\t\t\tdi\t\t\t\t2\t\t\t<\/div>\n\n\t\t\t<div class='ngg-imagebrowser-desc'>\n\t\t\t\t<p> <\/p>\n\t\t\t<\/div>\n\n\t\t<\/div>\n\t<\/div>\n\n<p>Disegni della posizione della laminetta sul corpo della defunta e del momento del rinvenimento<br \/>\n\u00c8 ovvio immaginare quanto l\u2019attenzione degli studiosi si sia concentrata in questi anni sul prezioso testo greco, scritto su sedici righe, che impartisce una serie preziosa di istruzioni alla defunta sul comportamento da tenere una volta giunta nell\u2019oltretomba. Il documento si inserisce a pieno titolo tra le testimonianze epigrafiche pi\u00f9 rilevanti del mondo greco e che in ambito calabrese sono rappresentate da sette esemplari, di cui cinque rinvenute a Thurii ed una a Petelia.<\/p>\n<p>La laminetta ipponiate \u00e8 tra le pi\u00f9 complete nel testo e soprattutto proviene da uno scavo condotto scientificamente, contrariamente alle lamine turine (frutto di scavi condotti nell\u2019800) ed a quella di Petelia (proveniente da una collezione privata e quindi fuori da un contesto scientifico). La datazione della laminetta scaturisce da quella dei vasi a corredo della tomba, ma \u00e8 avviata una ulteriore analisi dei suoi elementi paleografici per definirne con certezza la sua cronologia, attualmente fissata tra la fine del V e la prima met\u00e0 del IV sec. a. C.<\/p>\n<p>Il testo della Laminetta d\u2019oro<\/p>\n<p>\n<div class=\"ngg-galleryoverview ngg-slideshow\"\n\tid=\"ngg-slideshow-47e1d822e2afb2cdbf45ea16bc514e60-17244024490\"\n\tdata-gallery-id=\"47e1d822e2afb2cdbf45ea16bc514e60\"\n\tstyle=\"max-width: 750px;\n\t\t\tmax-height: 500px;\n\t\t\tdisplay: none;\">\n\n\t\n\t\t<a href=\"https:\/\/sabap-rc.cultura.gov.it\/wp-content\/gallery\/laminetta\/laminetta.jpg\"\n\t\t\ttitle=\"\"\n\t\t\tdata-src=\"https:\/\/sabap-rc.cultura.gov.it\/wp-content\/gallery\/laminetta\/laminetta.jpg\"\n\t\t\tdata-thumbnail=\"https:\/\/sabap-rc.cultura.gov.it\/wp-content\/gallery\/laminetta\/thumbs\/thumbs_laminetta.jpg\"\n\t\t\tdata-image-id=\"119\"\n\t\t\tdata-title=\"laminetta\"\n\t\t\tdata-description=\"\"\n\t\t\tclass=\"ngg-simplelightbox\" rel=\"47e1d822e2afb2cdbf45ea16bc514e60\">\n\n\t\t\t<img data-image-id='119'\n\t\t\t\ttitle=\"\"\n\t\t\t\talt=\"laminetta\"\n\t\t\t\tsrc=\"https:\/\/sabap-rc.cultura.gov.it\/wp-content\/gallery\/laminetta\/laminetta.jpg\"\n\t\t\t\tstyle=\"max-height: 480px;\"\/>\n\t\t<\/a>\n\n\t\t<\/div>\n\n\nIl messaggio scritto sulla lamina d\u2019oro evoca lo scenario dell\u2019oltretomba nel momento in cui la defunta \u00e8 in procinto di giungervi; qui essa dovr\u00e0 rivolgersi ai custodi con parole simbolicamente allusive alla sua condizione privilegiata, perch\u00e8 iniziata alla religione orfica. La defunta dovr\u00e0 immediatamente dichiarare la sua necessit\u00e0 di bere l\u2019acqua alla Fonte di Mnemosyne (la Memoria) e non a quella dell\u2019Oblio, dove si dirigono a bere gli altri defunti; bevutane l\u2019acqua di Mnemosyne la sua anima lascer\u00e0 l\u2019Ade per conoscere la sorte privilegiata degli iniziati all\u2019orfismo. Qui l\u2019acqua della Memoria, contrapposta a quella dell\u2019Oblio, rappresenta l\u2019unica via della salvezza, il vero antidoto alla morte.<br \/>\n\u201cA Mnemosyne \u00e8 sacro questo (dettato): (per il mystes) quando sia sul punto di morire. Andrai alle case ben costrutte di Ade: v\u2019\u00e8 sulla destra una fonte<br \/>\naccanto ad essa si erge un bianco cipresso;<br \/>\nl\u00ec discendono le anime dei morti per avere rifrigerio.<br \/>\nA questa fonte non accostarti neppure<br \/>\nma pi\u00f9 avanti troverai la fredda acqua che scorre<br \/>\ndal lago di Mnemosyne: vi stanno innanzi custodi<br \/>\ned essi ti chiederanno, in sicuro discernimento,<br \/>\nche mai cerchi attraverso la tenebra dell\u2019Ade caliginoso.<\/p>\n<p>D\u00ec: \u201c(Son) figlio della Greve ed del Cielo stellato<br \/>\ndi sete son arso e vengo meno\u2026 ma datemi presto<br \/>\nda bere la fredda acqua che viene dal Lago di Mnemosyne\u201d.<br \/>\nEd essi son misericordiosi per volere del sovrano degli Inferi<br \/>\ne ti daranno da bere (l\u2019acqua) del Lago di Mnemosyne;<\/p>\n<p>e tu quando avrai bevuto<br \/>\npercorrerai la sacra via su cui anche gli altri<br \/>\nmystai e bacchoi procedono gloriosi\u201d.<\/p>\n<p>Il testo ipponiate, come quello delle altre lamine, \u00e8 da ricondurre alla Religione Orfica che nella Calabria Magnogreca risulta fortemente condizionato dalle dottrine pitagoriche. Il pensiero filosofico di Pitagora, formatosi nella vicina Crotone, aveva messo l\u2019accento tra l\u2019altro sul rapporto tra l\u2019anima, la morte e l\u2019aldil\u00e0. Recentemente alcuni studi hanno inoltre evidenziato le influenze ulteriori del culto dionisiaco, documentato soprattutto nell\u2019ambito della religiosit\u00e0 locrese.<\/p>\n<p>\n<div class=\"ngg-galleryoverview ngg-slideshow\"\n\tid=\"ngg-slideshow-416cb0fca163b3a786aee843c5deeae4-9068104200\"\n\tdata-gallery-id=\"416cb0fca163b3a786aee843c5deeae4\"\n\tstyle=\"max-width: 750px;\n\t\t\tmax-height: 500px;\n\t\t\tdisplay: none;\">\n\n\t\n\t\t<a href=\"https:\/\/sabap-rc.cultura.gov.it\/wp-content\/gallery\/vetrinalaminetta1\/vetrinalaminetta1.jpg\"\n\t\t\ttitle=\"\"\n\t\t\tdata-src=\"https:\/\/sabap-rc.cultura.gov.it\/wp-content\/gallery\/vetrinalaminetta1\/vetrinalaminetta1.jpg\"\n\t\t\tdata-thumbnail=\"https:\/\/sabap-rc.cultura.gov.it\/wp-content\/gallery\/vetrinalaminetta1\/thumbs\/thumbs_vetrinalaminetta1.jpg\"\n\t\t\tdata-image-id=\"120\"\n\t\t\tdata-title=\"vetrinalaminetta1\"\n\t\t\tdata-description=\"\"\n\t\t\tclass=\"ngg-simplelightbox\" rel=\"416cb0fca163b3a786aee843c5deeae4\">\n\n\t\t\t<img data-image-id='120'\n\t\t\t\ttitle=\"\"\n\t\t\t\talt=\"vetrinalaminetta1\"\n\t\t\t\tsrc=\"https:\/\/sabap-rc.cultura.gov.it\/wp-content\/gallery\/vetrinalaminetta1\/vetrinalaminetta1.jpg\"\n\t\t\t\tstyle=\"max-height: 480px;\"\/>\n\t\t<\/a>\n\n\t\t<\/div>\n\n\nMuseo di Vibo Valentia. Bambini osservano la vetrina con la laminetta ed il corredo della tomba n. 19<\/p>\n","protected":false},"excerpt":{"rendered":"<p>La Laminetta Orfica Rinvenuta sul petto di una donna sepolta nella tomba a cappuccina n.<\/p>\n","protected":false},"author":1,"featured_media":0,"parent":224,"menu_order":0,"comment_status":"closed","ping_status":"closed","template":"","meta":{"ngg_post_thumbnail":0,"footnotes":""},"tags":[],"class_list":["post-230","page","type-page","status-publish","hentry"],"_links":{"self":[{"href":"https:\/\/sabap-rc.cultura.gov.it\/index.php?rest_route=\/wp\/v2\/pages\/230","targetHints":{"allow":["GET"]}}],"collection":[{"href":"https:\/\/sabap-rc.cultura.gov.it\/index.php?rest_route=\/wp\/v2\/pages"}],"about":[{"href":"https:\/\/sabap-rc.cultura.gov.it\/index.php?rest_route=\/wp\/v2\/types\/page"}],"author":[{"embeddable":true,"href":"https:\/\/sabap-rc.cultura.gov.it\/index.php?rest_route=\/wp\/v2\/users\/1"}],"replies":[{"embeddable":true,"href":"https:\/\/sabap-rc.cultura.gov.it\/index.php?rest_route=%2Fwp%2Fv2%2Fcomments&post=230"}],"version-history":[{"count":5,"href":"https:\/\/sabap-rc.cultura.gov.it\/index.php?rest_route=\/wp\/v2\/pages\/230\/revisions"}],"predecessor-version":[{"id":1140,"href":"https:\/\/sabap-rc.cultura.gov.it\/index.php?rest_route=\/wp\/v2\/pages\/230\/revisions\/1140"}],"up":[{"embeddable":true,"href":"https:\/\/sabap-rc.cultura.gov.it\/index.php?rest_route=\/wp\/v2\/pages\/224"}],"wp:attachment":[{"href":"https:\/\/sabap-rc.cultura.gov.it\/index.php?rest_route=%2Fwp%2Fv2%2Fmedia&parent=230"}],"wp:term":[{"taxonomy":"post_tag","embeddable":true,"href":"https:\/\/sabap-rc.cultura.gov.it\/index.php?rest_route=%2Fwp%2Fv2%2Ftags&post=230"}],"curies":[{"name":"wp","href":"https:\/\/api.w.org\/{rel}","templated":true}]}}