{"id":240,"date":"2023-03-08T23:33:35","date_gmt":"2023-03-08T22:33:35","guid":{"rendered":"http:\/\/sabap-rc.cultura.gov.it\/?page_id=240"},"modified":"2024-01-08T13:38:54","modified_gmt":"2024-01-08T12:38:54","slug":"il-parco-acheologico","status":"publish","type":"page","link":"https:\/\/sabap-rc.cultura.gov.it\/?page_id=240","title":{"rendered":"Il Parco Acheologico"},"content":{"rendered":"<p><strong>Il Parco Acheologico<\/strong><\/p>\n<p>Il parco archeologico urbano di Vibo Valentia \u00e8 finalizzato alla tutela e valorizzazione dei resti monumentali di et\u00e0 greca e romana e si prefigge di \u201ccostruire\u201d un percorso didattico che unifichi tutti i monumenti di et\u00e0 greca e romana che di fatto non sono contigui ma sono, per cos\u00ec dire, \u201cinterrotti\u201d dalla presenza dei resti medievali (mura del \u2018600-\u2018700, porte urbiche, chiese, conventi, palazzi nobiliari) e moderni della citt\u00e0. Il visitatore, attraverso le testimonianze delle varie epoche, sar\u00e0 invitato a ricostruire molti scorci della citt\u00e0 greca e romana, che saranno adeguatamente inseriti e collegati agli altri resti della citt\u00e0 di et\u00e0 medievale e moderna.<\/p>\n<p>Con l\u2019itinerario del Parco Archeologico della polis greca, sub colonia locrese sar\u00e0 possibile visitare i resti monumentali della cinta muraria (al Trappeto Vecchio), che si snodano con torri e piccole porte (postierle), lungo un percorso molto panoramico di almeno 500 m. Sono inclusi nel percorso i resti del tempio dorico al Belvedere Telegrafo, costruito alla fine del V sec. a. C., oggi posto a ridosso dell\u2019attuale Scuola di Polizia. Sono inoltre visitabili i resti relativi alle aree sacre della localit\u00e0 Cava Cordopatri, delle localit\u00e0 Cofino (VI-IV sec. a. C.), e Scrimbia (fine VII-V sec. a.C.) ricchissime di materiali oggi esposti al Museo Archeologico. Del Municipium romano sono fruibili: nel quartiere di S. Aloe una vasta area relativa ad un settore dell\u2019abitato; si tratta di diverse case, parecchie con ambienti mosaicati ed una in particolare, con annesso un complesso termale, munito di vasche e palestra; nel quartiere della Terravecchia i numerosi \u201cframmenti\u201d di abitato rinvenuti in vari punti di questo settore della citt\u00e0 medievale che, secondo studi urbanistici, riproduce nelle case medievali le misure dei quartieri romani. Sempre relativi all\u2019et\u00e0 roman, saranno portati alla luce i resti, ancora interrati, del teatro, monumentale edificio pubblico, individuato in una vasta area ubicata nei pressi della sconsacrata chiesa del Rosario.<\/p>\n<p>\n<div class=\"ngg-galleryoverview ngg-slideshow\"\n\tid=\"ngg-slideshow-4d4bf39263b0674e8ea0f2e9d346a297-3556363090\"\n\tdata-gallery-id=\"4d4bf39263b0674e8ea0f2e9d346a297\"\n\tstyle=\"max-width: 750px;\n\t\t\tmax-height: 500px;\n\t\t\tdisplay: none;\">\n\n\t\n\t\t<a href=\"https:\/\/sabap-rc.cultura.gov.it\/wp-content\/gallery\/parco72\/parco72.jpg\"\n\t\t\ttitle=\"\"\n\t\t\tdata-src=\"https:\/\/sabap-rc.cultura.gov.it\/wp-content\/gallery\/parco72\/parco72.jpg\"\n\t\t\tdata-thumbnail=\"https:\/\/sabap-rc.cultura.gov.it\/wp-content\/gallery\/parco72\/thumbs\/thumbs_parco72.jpg\"\n\t\t\tdata-image-id=\"123\"\n\t\t\tdata-title=\"parco72\"\n\t\t\tdata-description=\"\"\n\t\t\tclass=\"ngg-simplelightbox\" rel=\"4d4bf39263b0674e8ea0f2e9d346a297\">\n\n\t\t\t<img data-image-id='123'\n\t\t\t\ttitle=\"\"\n\t\t\t\talt=\"parco72\"\n\t\t\t\tsrc=\"https:\/\/sabap-rc.cultura.gov.it\/wp-content\/gallery\/parco72\/parco72.jpg\"\n\t\t\t\tstyle=\"max-height: 480px;\"\/>\n\t\t<\/a>\n\n\t\t<\/div>\n\n\nPianta dell&#8217;area archeologica del quartiere di S. Aloe<\/p>\n<p>&nbsp;<\/p>\n<p>Il parco archeologico della citt\u00e0 include ovviamente il Museo Archeologico Statale, posto nella prestigiosa sede del Castello Normanno-Svevo che domina dall\u2019alto l\u2019abitato moderno, individuandosi come polo aggregante del vasto centro storico medioevale di Monsleonis; esso costituisce il naturale complemento del parco stesso, poich\u00e9 espone i reperti rinvenuti nelle varie aree archeologiche delle citt\u00e0.<\/p>\n","protected":false},"excerpt":{"rendered":"<p>Il Parco Acheologico Il parco archeologico urbano di Vibo Valentia \u00e8 finalizzato alla tutela e valorizzazione dei resti monumentali di et\u00e0 greca e romana e si prefigge di \u201ccostruire\u201d un percorso didattico che unifichi tutti i monumenti di et\u00e0 greca e romana che di fatto non sono contigui ma sono, per cos\u00ec dire, \u201cinterrotti\u201d dalla presenza dei resti medievali (mura del \u2018600-\u2018700, porte urbiche, chiese, conventi, palazzi nobiliari) e moderni della citt\u00e0.<\/p>\n","protected":false},"author":1,"featured_media":0,"parent":224,"menu_order":0,"comment_status":"closed","ping_status":"closed","template":"","meta":{"ngg_post_thumbnail":0,"footnotes":""},"tags":[],"class_list":["post-240","page","type-page","status-publish","hentry"],"_links":{"self":[{"href":"https:\/\/sabap-rc.cultura.gov.it\/index.php?rest_route=\/wp\/v2\/pages\/240","targetHints":{"allow":["GET"]}}],"collection":[{"href":"https:\/\/sabap-rc.cultura.gov.it\/index.php?rest_route=\/wp\/v2\/pages"}],"about":[{"href":"https:\/\/sabap-rc.cultura.gov.it\/index.php?rest_route=\/wp\/v2\/types\/page"}],"author":[{"embeddable":true,"href":"https:\/\/sabap-rc.cultura.gov.it\/index.php?rest_route=\/wp\/v2\/users\/1"}],"replies":[{"embeddable":true,"href":"https:\/\/sabap-rc.cultura.gov.it\/index.php?rest_route=%2Fwp%2Fv2%2Fcomments&post=240"}],"version-history":[{"count":4,"href":"https:\/\/sabap-rc.cultura.gov.it\/index.php?rest_route=\/wp\/v2\/pages\/240\/revisions"}],"predecessor-version":[{"id":1146,"href":"https:\/\/sabap-rc.cultura.gov.it\/index.php?rest_route=\/wp\/v2\/pages\/240\/revisions\/1146"}],"up":[{"embeddable":true,"href":"https:\/\/sabap-rc.cultura.gov.it\/index.php?rest_route=\/wp\/v2\/pages\/224"}],"wp:attachment":[{"href":"https:\/\/sabap-rc.cultura.gov.it\/index.php?rest_route=%2Fwp%2Fv2%2Fmedia&parent=240"}],"wp:term":[{"taxonomy":"post_tag","embeddable":true,"href":"https:\/\/sabap-rc.cultura.gov.it\/index.php?rest_route=%2Fwp%2Fv2%2Ftags&post=240"}],"curies":[{"name":"wp","href":"https:\/\/api.w.org\/{rel}","templated":true}]}}