{"id":955,"date":"2023-05-03T14:03:50","date_gmt":"2023-05-03T12:03:50","guid":{"rendered":"http:\/\/sabap-rc.cultura.gov.it\/?page_id=955"},"modified":"2024-01-08T13:19:55","modified_gmt":"2024-01-08T12:19:55","slug":"il-museo-archeologico-di-medma-rosarno","status":"publish","type":"page","link":"https:\/\/sabap-rc.cultura.gov.it\/?page_id=955","title":{"rendered":"Il Museo archeologico di Medma-Rosarno"},"content":{"rendered":"<p>Il Museo archeologico di Medma-Rosarno.<\/p>\n<p>Il Museo archeologico di Medma-Rosarno, istituito nel 2014 per iniziativa dell\u2019allora Soprintendenza Archeologica della Calabria espone una significativa selezione di reperti pertinenti all\u2019antica polis greca di Medma e ospita nei suoi magazzini una parte rilevante dei rinvenimenti provenienti dalle ricerche archeologiche effettuate a Rosarno dagli inizi del XX secolo fino ad oggi.<br \/>\nAl primo piano si sviluppa il percorso espositivo che inizia con una sezione dedicata alla necropoli, ubicata presso le colline sabbiose poste circa un chilometro a sud dall\u2019abitato, nelle contrade Carrozzo, Zippone, Petto di Nolio, Laccari e Testa dell\u2019Acqua. Le ricerche hanno consentito di individuare circa 600 tombe databili tra VI e III e secolo a.C. Di tipologia varia, attestano la compresenza a Medma dei rituali funerari dell\u2019inumazione e dell\u2019incinerazione, sia primaria che secondaria.<br \/>\nSegue un settore dedicato ai santuari di Medma, in cui i reperti sono presentati ai lati di una ideale via sacra. La sezione pi\u00f9 ampia \u00e8 quella riservata a contrada Calderazzo dove Orsi, in occasione delle campagne di scavo del 1912 e 1913, rintracci\u00f2 una grande fossa votiva lunga ben 33 metri e colma di ex voto in terracotta, ceramica e metallo. I materiali sono organizzati nell\u2019esposizione con un criterio tipologico e cronologico e ampio spazio \u00e8 dedicato alla coroplastica. Sebbene numerosi esemplari di \u201cterrecotte di Medma\u201d siano confluiti in vari istituti museali italiani ed esteri, il museo di Rosarno, insieme a quello di Reggio di Calabria, conserva ed espone la pi\u00f9 importante collezione di una produzione, quella della coroplastica medmea, che si distingue nel panorama magno-greco per la qualit\u00e0 estetica dei prodotti, ricchezza e variet\u00e0 dei tipi.<br \/>\nL\u2019ultima sezione del Museo \u00e8 dedicata ad una piccola selezione di reperti provenienti dagli scavi condotti nell\u2019abitato \u2013 derivanti dal vasto programma di controllo dei lavori edilizi e saggi preventivi ante litteram, avviato dalla Soprintendenza alla fine degli anni Settanta, a causa della caotica espansione del centro abitato verso Pian delle Vigne, e continuato fino ad oggi. Due vetrine, infine, espongono una parte degli oggetti afferenti alla collezione Cangemi, locale cultore di archeologia che fu investito del ruolo di ispettore onorario alle Antichit\u00e0 per l\u2019impegno profuso nel raccogliere e conservare reperti occasionalmente rinvenuti sul territorio.<\/p>\n\t<div class='ngg-imagebrowser default-view'\n\t\tid='ngg-imagebrowser-3b890b758f07afc882b86b306f635f2e-955'\n\t\tdata-nextgen-gallery-id=\"3b890b758f07afc882b86b306f635f2e\">\n\n\t\t<h3>Museo-Rosarno-fig.-1<\/h3>\n\n\t\t<div id=\"ngg-image-0\" class=\"pic\" \n\t\t\t\t\t>\n\t\t<a href='https:\/\/sabap-rc.cultura.gov.it\/wp-content\/gallery\/il-museo-archeologico-di-medma-rosarno\/Museo-Rosarno-fig.-1.jpeg'\n\t\t\ttitle=' '\n\t\t\tdata-src=\"https:\/\/sabap-rc.cultura.gov.it\/wp-content\/gallery\/il-museo-archeologico-di-medma-rosarno\/Museo-Rosarno-fig.-1.jpeg\"\n\t\t\tdata-thumbnail=\"https:\/\/sabap-rc.cultura.gov.it\/wp-content\/gallery\/il-museo-archeologico-di-medma-rosarno\/thumbs\/thumbs_Museo-Rosarno-fig.-1.jpeg\"\n\t\t\tdata-image-id=\"198\"\n\t\t\tdata-title=\"Museo-Rosarno-fig.-1\"\n\t\t\tdata-description=\" \"\n\t\t\tclass=\"ngg-simplelightbox\" rel=\"3b890b758f07afc882b86b306f635f2e\">\n\t\t\t<img title='Museo-Rosarno-fig.-1'\n\t\t\t\talt='Museo-Rosarno-fig.-1'\n\t\t\t\tsrc='https:\/\/sabap-rc.cultura.gov.it\/wp-content\/gallery\/il-museo-archeologico-di-medma-rosarno\/Museo-Rosarno-fig.-1.jpeg'\/>\n\t\t<\/a>\n\t\t\n\t\t<\/div>\n\t\t<div class='ngg-imagebrowser-nav'>\n\n\t\t\t<div class='back'>\n\t\t\t\t<a class='ngg-browser-prev'\n\t\t\t\t\tid='ngg-prev-199'\n\t\t\t\t\thref='https:\/\/sabap-rc.cultura.gov.it\/index.php\/nggallery\/image\/museo-rosarno-fig-4?page_id=955'>\n\t\t\t\t\t<i class=\"fa fa-chevron-left\" aria-hidden=\"true\"><\/i>\n\t\t\t\t<\/a>\n\t\t\t<\/div>\n\n\t\t\t<div class='next'>\n\t\t\t\t<a class='ngg-browser-next'\n\t\t\t\t\tid='ngg-next-199'\n\t\t\t\t\thref='https:\/\/sabap-rc.cultura.gov.it\/index.php\/nggallery\/image\/museo-rosarno-fig-4?page_id=955'>\n\t\t\t\t\t<i class=\"fa fa-chevron-right\" aria-hidden=\"true\"><\/i>\n\t\t\t\t<\/a>\n\t\t\t<\/div>\n\n\t\t\t<div class='counter'>\n\t\t\t\tImmagine\t\t\t\t1\t\t\t\tdi\t\t\t\t2\t\t\t<\/div>\n\n\t\t\t<div class='ngg-imagebrowser-desc'>\n\t\t\t\t<p> <\/p>\n\t\t\t<\/div>\n\n\t\t<\/div>\n\t<\/div>\n\n","protected":false},"excerpt":{"rendered":"<p>Il Museo archeologico di Medma-Rosarno. Il Museo archeologico di Medma-Rosarno, istituito nel 2014 per iniziativa dell\u2019allora Soprintendenza Archeologica della Calabria espone una significativa selezione di reperti pertinenti all\u2019antica polis greca di Medma e ospita nei suoi magazzini una parte rilevante dei rinvenimenti provenienti dalle ricerche archeologiche effettuate a Rosarno dagli inizi del XX secolo fino ad oggi.<\/p>\n","protected":false},"author":1,"featured_media":0,"parent":210,"menu_order":0,"comment_status":"closed","ping_status":"closed","template":"","meta":{"ngg_post_thumbnail":0,"footnotes":""},"tags":[],"class_list":["post-955","page","type-page","status-publish","hentry"],"_links":{"self":[{"href":"https:\/\/sabap-rc.cultura.gov.it\/index.php?rest_route=\/wp\/v2\/pages\/955","targetHints":{"allow":["GET"]}}],"collection":[{"href":"https:\/\/sabap-rc.cultura.gov.it\/index.php?rest_route=\/wp\/v2\/pages"}],"about":[{"href":"https:\/\/sabap-rc.cultura.gov.it\/index.php?rest_route=\/wp\/v2\/types\/page"}],"author":[{"embeddable":true,"href":"https:\/\/sabap-rc.cultura.gov.it\/index.php?rest_route=\/wp\/v2\/users\/1"}],"replies":[{"embeddable":true,"href":"https:\/\/sabap-rc.cultura.gov.it\/index.php?rest_route=%2Fwp%2Fv2%2Fcomments&post=955"}],"version-history":[{"count":5,"href":"https:\/\/sabap-rc.cultura.gov.it\/index.php?rest_route=\/wp\/v2\/pages\/955\/revisions"}],"predecessor-version":[{"id":1135,"href":"https:\/\/sabap-rc.cultura.gov.it\/index.php?rest_route=\/wp\/v2\/pages\/955\/revisions\/1135"}],"up":[{"embeddable":true,"href":"https:\/\/sabap-rc.cultura.gov.it\/index.php?rest_route=\/wp\/v2\/pages\/210"}],"wp:attachment":[{"href":"https:\/\/sabap-rc.cultura.gov.it\/index.php?rest_route=%2Fwp%2Fv2%2Fmedia&parent=955"}],"wp:term":[{"taxonomy":"post_tag","embeddable":true,"href":"https:\/\/sabap-rc.cultura.gov.it\/index.php?rest_route=%2Fwp%2Fv2%2Ftags&post=955"}],"curies":[{"name":"wp","href":"https:\/\/api.w.org\/{rel}","templated":true}]}}